{"id":36,"date":"2024-09-10T07:54:02","date_gmt":"2024-09-10T07:54:02","guid":{"rendered":"https:\/\/bbqhouse.marketreach.se\/?page_id=36"},"modified":"2024-09-18T12:06:49","modified_gmt":"2024-09-18T12:06:49","slug":"atbart","status":"publish","type":"page","link":"https:\/\/bbqhouse.marketreach.se\/?page_id=36","title":{"rendered":"\u00c4tbart"},"content":{"rendered":"<div class=\"wpb-content-wrapper\"><p>[vc_row css_animation=&#8221;&#8221; row_type=&#8221;row&#8221; use_row_as_full_screen_section=&#8221;no&#8221; type=&#8221;full_width&#8221; angled_section=&#8221;no&#8221; text_align=&#8221;left&#8221; background_image_as_pattern=&#8221;without_pattern&#8221;][vc_column][layerslider_vc id=&#8221;2&#8243;][\/vc_column][\/vc_row][vc_row css_animation=&#8221;&#8221; row_type=&#8221;row&#8221; use_row_as_full_screen_section=&#8221;no&#8221; type=&#8221;full_width&#8221; angled_section=&#8221;no&#8221; text_align=&#8221;left&#8221; background_image_as_pattern=&#8221;without_pattern&#8221;][vc_column width=&#8221;1\/6&#8243;][\/vc_column][vc_column width=&#8221;2\/3&#8243;][vc_column_text css=&#8221;.vc_custom_1726049310112{padding-top: 40px !important;}&#8221;]<\/p>\n<h2 style=\"text-align: center;\">\u00c4tbart<\/h2>\n<p>[\/vc_column_text][vc_separator type=&#8221;small&#8221; position=&#8221;center&#8221; color=&#8221;#EF8F09&#8243; thickness=&#8221;1&#8243; width=&#8221;140&#8243; up=&#8221;10&#8243; down=&#8221;10&#8243;][vc_column_text css=&#8221;.vc_custom_1726661204828{padding-top: 10px !important;}&#8221;]<\/p>\n<p style=\"text-align: center;\">En riktigt god bit k\u00f6tt \u00e4r ibland det b\u00e4sta man kan avnjuta en ljummen sommardag&#8230; eller vilken dag som helst, oavsett \u00e5rstid. Det tycker vi i alla fall! Oavsett om du \u00e4r sugen p\u00e5 n\u00f6t, fl\u00e4sk, h\u00e4rliga burgare eller korvar \u2013 we\u00b4ve got you covered! Hos BBQHOUSE.SE finner du det b\u00e4sta som g\u00e5r att finna.<\/p>\n<p style=\"text-align: center;\">[vc_separator type=&#8217;transparent&#8217; position=&#8217;center&#8217; color=&#8221; thickness=&#8221; up=&#8217;10&#8217; down=&#8217;10&#8217;]<\/p>\n<p style=\"text-align: center;\">Vare sig du s\u00f6ker exklusiv Wagyu, Iberico Bellota eller prisv\u00e4rda vardagsdeals s\u00e5 finns vi h\u00e4r f\u00f6r dig. Vi erbjuder endast det b\u00e4sta k\u00f6ttet och de b\u00e4sta styckningsdetaljerna fr\u00e5n djur som levt ett bra och v\u00e4rdigt liv.<\/p>\n<p>[\/vc_column_text][\/vc_column][vc_column width=&#8221;1\/6&#8243;][\/vc_column][\/vc_row][vc_row css_animation=&#8221;&#8221; row_type=&#8221;row&#8221; use_row_as_full_screen_section=&#8221;no&#8221; type=&#8221;full_width&#8221; angled_section=&#8221;no&#8221; text_align=&#8221;left&#8221; background_image_as_pattern=&#8221;without_pattern&#8221;][vc_column][layerslider_vc id=&#8221;5&#8243;][\/vc_column][\/vc_row][vc_row css_animation=&#8221;&#8221; row_type=&#8221;row&#8221; use_row_as_full_screen_section=&#8221;no&#8221; type=&#8221;full_width&#8221; angled_section=&#8221;no&#8221; text_align=&#8221;left&#8221; background_image_as_pattern=&#8221;without_pattern&#8221;][vc_column offset=&#8221;vc_hidden-lg vc_hidden-md vc_hidden-sm vc_hidden-xs&#8221;][vc_single_image image=&#8221;128&#8243; img_size=&#8221;full&#8221; alignment=&#8221;center&#8221; css=&#8221;&#8221; qode_css_animation=&#8221;&#8221;][\/vc_column][\/vc_row]<\/p>\n<\/div>","protected":false},"excerpt":{"rendered":"<p>[vc_row css_animation=&#8221;&#8221; row_type=&#8221;row&#8221; use_row_as_full_screen_section=&#8221;no&#8221; type=&#8221;full_width&#8221; angled_section=&#8221;no&#8221; text_align=&#8221;left&#8221; background_image_as_pattern=&#8221;without_pattern&#8221;][vc_column][layerslider_vc id=&#8221;2&#8243;][\/vc_column][\/vc_row][vc_row css_animation=&#8221;&#8221; row_type=&#8221;row&#8221; use_row_as_full_screen_section=&#8221;no&#8221; type=&#8221;full_width&#8221; angled_section=&#8221;no&#8221; text_align=&#8221;left&#8221; background_image_as_pattern=&#8221;without_pattern&#8221;][vc_column width=&#8221;1\/6&#8243;][\/vc_column][vc_column width=&#8221;2\/3&#8243;][vc_column_text css=&#8221;.vc_custom_1726049310112{padding-top: 40px !important;}&#8221;] \u00c4tbart [\/vc_column_text][vc_separator type=&#8221;small&#8221; position=&#8221;center&#8221; color=&#8221;#EF8F09&#8243; thickness=&#8221;1&#8243; width=&#8221;140&#8243; up=&#8221;10&#8243; down=&#8221;10&#8243;][vc_column_text css=&#8221;.vc_custom_1726661204828{padding-top: 10px !important;}&#8221;] En riktigt god bit k\u00f6tt \u00e4r ibland det b\u00e4sta man kan avnjuta&#8230;<\/p>\n","protected":false},"author":2,"featured_media":0,"parent":0,"menu_order":0,"comment_status":"closed","ping_status":"closed","template":"","meta":{"footnotes":""},"class_list":["post-36","page","type-page","status-publish","hentry"],"_links":{"self":[{"href":"https:\/\/bbqhouse.marketreach.se\/index.php?rest_route=\/wp\/v2\/pages\/36","targetHints":{"allow":["GET"]}}],"collection":[{"href":"https:\/\/bbqhouse.marketreach.se\/index.php?rest_route=\/wp\/v2\/pages"}],"about":[{"href":"https:\/\/bbqhouse.marketreach.se\/index.php?rest_route=\/wp\/v2\/types\/page"}],"author":[{"embeddable":true,"href":"https:\/\/bbqhouse.marketreach.se\/index.php?rest_route=\/wp\/v2\/users\/2"}],"replies":[{"embeddable":true,"href":"https:\/\/bbqhouse.marketreach.se\/index.php?rest_route=%2Fwp%2Fv2%2Fcomments&post=36"}],"version-history":[{"count":18,"href":"https:\/\/bbqhouse.marketreach.se\/index.php?rest_route=\/wp\/v2\/pages\/36\/revisions"}],"predecessor-version":[{"id":342,"href":"https:\/\/bbqhouse.marketreach.se\/index.php?rest_route=\/wp\/v2\/pages\/36\/revisions\/342"}],"wp:attachment":[{"href":"https:\/\/bbqhouse.marketreach.se\/index.php?rest_route=%2Fwp%2Fv2%2Fmedia&parent=36"}],"curies":[{"name":"wp","href":"https:\/\/api.w.org\/{rel}","templated":true}]}}