{"id":33,"date":"2024-09-10T07:13:54","date_gmt":"2024-09-10T07:13:54","guid":{"rendered":"https:\/\/bbqhouse.marketreach.se\/?page_id=33"},"modified":"2024-09-18T11:53:04","modified_gmt":"2024-09-18T11:53:04","slug":"start","status":"publish","type":"page","link":"https:\/\/bbqhouse.marketreach.se\/","title":{"rendered":"Start"},"content":{"rendered":"<div class=\"wpb-content-wrapper\"><p>[vc_row css_animation=&#8221;&#8221; row_type=&#8221;row&#8221; use_row_as_full_screen_section=&#8221;no&#8221; type=&#8221;full_width&#8221; angled_section=&#8221;no&#8221; text_align=&#8221;left&#8221; background_image_as_pattern=&#8221;without_pattern&#8221;][vc_column][layerslider_vc id=&#8221;1&#8243;][vc_column_text css=&#8221;.vc_custom_1726047889553{padding-top: 40px !important;}&#8221;]<\/p>\n<h1 style=\"text-align: center;\">It&#8217;s all about the meat<\/h1>\n<p>[\/vc_column_text][\/vc_column][\/vc_row][vc_row css_animation=&#8221;&#8221; row_type=&#8221;row&#8221; use_row_as_full_screen_section=&#8221;no&#8221; type=&#8221;full_width&#8221; angled_section=&#8221;no&#8221; text_align=&#8221;left&#8221; background_image_as_pattern=&#8221;without_pattern&#8221;][vc_column width=&#8221;1\/6&#8243;][\/vc_column][vc_column width=&#8221;2\/3&#8243;][vc_column_text css=&#8221;.vc_custom_1726659438251{padding-top: 10px !important;}&#8221;]<\/p>\n<h5 style=\"text-align: center;\">Men det \u00e4r inte bara k\u00f6tt, vi erbjuder mycket mer \u00e4n s\u00e5!<br \/>\nVi \u00e4lskar allt som har med BBQ att g\u00f6ra \u2013 det b\u00e4sta k\u00f6ttet, fantastiska grillar och de b\u00e4sta tillbeh\u00f6ren som kol, pellets, kryddblandningar och allt annat som g\u00f6r helhetsupplevelsen till en underbar njutning.<\/h5>\n<p>[\/vc_column_text][vc_separator type=&#8221;small&#8221; position=&#8221;center&#8221; color=&#8221;#EF8F09&#8243; thickness=&#8221;1&#8243; up=&#8221;30&#8243; down=&#8221;30&#8243; width=&#8221;140&#8243;][vc_column_text css=&#8221;.vc_custom_1726660382763{padding-bottom: 40px !important;}&#8221;]<\/p>\n<p style=\"text-align: center;\">Vi delar med oss av kunskap och passion f\u00f6r att hj\u00e4lpa fler att uppt\u00e4cka den underbara BBQ-v\u00e4rlden.Oavsett om det g\u00e4ller en h\u00e4rligt marmorerad entrec\u00f3te, en maffig brisket eller en cool tomahawk \u2013 eller om du vill snacka grillar, r\u00f6kar eller pellets s\u00e5 st\u00e4ller vi g\u00e4rna upp. Vi kan till och med hj\u00e4lpa till med catering, event eller en grillskola.<\/p>\n<p>&nbsp;<\/p>\n<h5 style=\"text-align: center;\">V\u00e4lkommen till BBQHOUSE.SE \u2013 ett himmelrike f\u00f6r grillsugna &#8221;Foodies&#8221;.<\/h5>\n<p>&nbsp;<\/p>\n<p>[\/vc_column_text][\/vc_column][\/vc_row]<\/p>\n<\/div>","protected":false},"excerpt":{"rendered":"<p>[vc_row css_animation=&#8221;&#8221; row_type=&#8221;row&#8221; use_row_as_full_screen_section=&#8221;no&#8221; type=&#8221;full_width&#8221; angled_section=&#8221;no&#8221; text_align=&#8221;left&#8221; background_image_as_pattern=&#8221;without_pattern&#8221;][vc_column][layerslider_vc id=&#8221;1&#8243;][vc_column_text css=&#8221;.vc_custom_1726047889553{padding-top: 40px !important;}&#8221;] It&#8217;s all about the meat [\/vc_column_text][\/vc_column][\/vc_row][vc_row css_animation=&#8221;&#8221; row_type=&#8221;row&#8221; use_row_as_full_screen_section=&#8221;no&#8221; type=&#8221;full_width&#8221; angled_section=&#8221;no&#8221; text_align=&#8221;left&#8221; background_image_as_pattern=&#8221;without_pattern&#8221;][vc_column width=&#8221;1\/6&#8243;][\/vc_column][vc_column width=&#8221;2\/3&#8243;][vc_column_text css=&#8221;.vc_custom_1726659438251{padding-top: 10px !important;}&#8221;] Men det \u00e4r inte bara k\u00f6tt, vi erbjuder mycket mer \u00e4n s\u00e5! Vi \u00e4lskar allt&#8230;<\/p>\n","protected":false},"author":2,"featured_media":0,"parent":0,"menu_order":0,"comment_status":"closed","ping_status":"closed","template":"full_width.php","meta":{"footnotes":""},"class_list":["post-33","page","type-page","status-publish","hentry"],"_links":{"self":[{"href":"https:\/\/bbqhouse.marketreach.se\/index.php?rest_route=\/wp\/v2\/pages\/33","targetHints":{"allow":["GET"]}}],"collection":[{"href":"https:\/\/bbqhouse.marketreach.se\/index.php?rest_route=\/wp\/v2\/pages"}],"about":[{"href":"https:\/\/bbqhouse.marketreach.se\/index.php?rest_route=\/wp\/v2\/types\/page"}],"author":[{"embeddable":true,"href":"https:\/\/bbqhouse.marketreach.se\/index.php?rest_route=\/wp\/v2\/users\/2"}],"replies":[{"embeddable":true,"href":"https:\/\/bbqhouse.marketreach.se\/index.php?rest_route=%2Fwp%2Fv2%2Fcomments&post=33"}],"version-history":[{"count":40,"href":"https:\/\/bbqhouse.marketreach.se\/index.php?rest_route=\/wp\/v2\/pages\/33\/revisions"}],"predecessor-version":[{"id":338,"href":"https:\/\/bbqhouse.marketreach.se\/index.php?rest_route=\/wp\/v2\/pages\/33\/revisions\/338"}],"wp:attachment":[{"href":"https:\/\/bbqhouse.marketreach.se\/index.php?rest_route=%2Fwp%2Fv2%2Fmedia&parent=33"}],"curies":[{"name":"wp","href":"https:\/\/api.w.org\/{rel}","templated":true}]}}